{"id":1856,"date":"2018-12-11T06:35:42","date_gmt":"2018-12-11T06:35:42","guid":{"rendered":"http:\/\/democontent.codex-themes.com\/sites\/logistic-transport\/?page_id=27"},"modified":"2025-06-16T09:08:52","modified_gmt":"2025-06-16T07:08:52","slug":"contacto","status":"publish","type":"page","link":"https:\/\/mitallersa.com\/","title":{"rendered":"Contacto"},"content":{"rendered":"<div class=\"wpb-content-wrapper\"><p>[vc_row full_width=\u00bbstretch_row_content\u00bb css=\u00bb.vc_custom_1638523845119{margin-top: px !important;margin-bottom: 0px !important;border-top-width: px !important;background-image: url(https:\/\/www.mitallersa.com\/wp-content\/uploads\/2018\/12\/2-4.jpg?id=738) !important;}\u00bb][vc_column css=\u00bb.vc_custom_1553779213800{padding-top: 0px !important;}\u00bb]<div class=\"clearboth\"><\/div><style>#thegem-divider-69e4b382e0257 {margin-top: 60px !important;}<\/style><div id=\"thegem-divider-69e4b382e0257\" class=\"gem-divider  divider-hidden\" style=\"\" ><\/div>[vc_column_text css=\u00bb.vc_custom_1638358970310{padding-bottom: 30px !important;}\u00bb]<\/p>\n<div class=\"title-h1\" style=\"text-align: center;\">datos de contacto<\/div>\n<p>[\/vc_column_text]<div class=\"clearboth\"><\/div><style>#thegem-divider-69e4b382e0268 {margin-top: 70px !important;}<\/style><div id=\"thegem-divider-69e4b382e0268\" class=\"gem-divider  divider-hidden\" style=\"\" ><\/div>[vc_row_inner][vc_column_inner width=\u00bb1\/4&#8243;]<div class=\"lazy-loading\" data-ll-item-delay=\"0\"><div class=\"gem-textbox  lazy-loading-item\"  data-ll-effect=\"move-up\" ><div class=\"gem-textbox-inner\" style=\"border: 1px solid #dfe5e8;\"><div class=\"gem-textbox-content\" style=\"background-color: #ffffff;background-position: center top;\"><div class=\"clearboth\"><\/div><style>#thegem-divider-69e4b382e02a9 {margin-top: 17px !important;}<\/style><div id=\"thegem-divider-69e4b382e02a9\" class=\"gem-divider  \" style=\"\" ><\/div><div class=\"centered-box\"><div class=\"gem-icon gem-icon-pack-material gem-icon-size-medium  gem-icon-shape-circle\"  style=\"border-color: #f0f0f4;opacity: 1;\"><div class=\"gem-icon-inner\" style=\"background-color: #f0f0f4;\"><span class=\"gem-icon-half-1\" style=\"color: #dd1b3c;\"><span class=\"back-angle\">&#xf3e4;<\/span><\/span><span class=\"gem-icon-half-2\" style=\"color: #dd1b3c;\"><span class=\"back-angle\">&#xf3e4;<\/span><\/span><\/div><\/div><\/div><div class=\"clearboth\"><\/div><style>#thegem-divider-69e4b382e02cb {margin-top: 45px !important;}<\/style><div id=\"thegem-divider-69e4b382e02cb\" class=\"gem-divider  \" style=\"\" ><\/div>[vc_column_text]<\/p>\n<div class=\"title-h5\" style=\"text-align: center;\">\u00bfd\u00f3nde estamos?<\/div>\n<p>[\/vc_column_text][vc_separator color=\u00bbjuicy_pink\u00bb el_width=\u00bb20&#8243; css=\u00bb.vc_custom_1545453691943{margin-top: 22px !important;margin-bottom: 20px !important;}\u00bb][vc_column_text css_animation=\u00bbnone\u00bb]<\/p>\n<p style=\"text-align: center;\">Pol\u00edgono industrial Tartesos C. B, Nave 401<br \/>\n21610 Huelva[\/vc_column_text]<div class=\"clearboth\"><\/div><style>#thegem-divider-69e4b382e02d1 {margin-top: 48px !important;}<\/style><div id=\"thegem-divider-69e4b382e02d1\" class=\"gem-divider  \" style=\"\" ><\/div><\/div><\/div><\/div><\/div>[\/vc_column_inner][vc_column_inner width=\u00bb1\/4&#8243;]<div class=\"lazy-loading\" data-ll-item-delay=\"0\"><div class=\"gem-textbox  lazy-loading-item\"  data-ll-effect=\"move-up\" ><div class=\"gem-textbox-inner\" style=\"border: 1px solid #dfe5e8;\"><div class=\"gem-textbox-content\" style=\"background-color: #ffffff;background-position: center top;\"><div class=\"clearboth\"><\/div><style>#thegem-divider-69e4b382e02f8 {margin-top: 17px !important;}<\/style><div id=\"thegem-divider-69e4b382e02f8\" class=\"gem-divider  \" style=\"\" ><\/div><div class=\"centered-box\"><div class=\"gem-icon gem-icon-pack-material gem-icon-size-medium  gem-icon-shape-circle\"  style=\"border-color: #f0f0f4;opacity: 1;\"><div class=\"gem-icon-inner\" style=\"background-color: #f0f0f4;\"><span class=\"gem-icon-half-1\" style=\"color: #dd1b3c;\"><span class=\"back-angle\">&#xf477;<\/span><\/span><span class=\"gem-icon-half-2\" style=\"color: #dd1b3c;\"><span class=\"back-angle\">&#xf477;<\/span><\/span><\/div><\/div><\/div><div class=\"clearboth\"><\/div><style>#thegem-divider-69e4b382e030a {margin-top: 45px !important;}<\/style><div id=\"thegem-divider-69e4b382e030a\" class=\"gem-divider  \" style=\"\" ><\/div>[vc_column_text]<\/p>\n<div class=\"title-h5\" style=\"text-align: center;\">tel\u00e9fono<\/div>\n<p>[\/vc_column_text][vc_separator color=\u00bbjuicy_pink\u00bb el_width=\u00bb20&#8243; css=\u00bb.vc_custom_1545453691943{margin-top: 22px !important;margin-bottom: 20px !important;}\u00bb][vc_column_text css_animation=\u00bbnone\u00bb]<\/p>\n<p style=\"text-align: center;\">\u00a0+34 959 657 000<\/p>\n<p>[\/vc_column_text]<div class=\"clearboth\"><\/div><style>#thegem-divider-69e4b382e030e {margin-top: 73px !important;}<\/style><div id=\"thegem-divider-69e4b382e030e\" class=\"gem-divider  \" style=\"\" ><\/div><\/div><\/div><\/div><\/div>[\/vc_column_inner][vc_column_inner width=\u00bb1\/4&#8243;]<div class=\"lazy-loading\" data-ll-item-delay=\"0\"><div class=\"gem-textbox  lazy-loading-item\"  data-ll-effect=\"move-up\" ><div class=\"gem-textbox-inner\" style=\"border: 1px solid #dfe5e8;\"><div class=\"gem-textbox-content\" style=\"background-color: #ffffff;background-position: center top;\"><div class=\"clearboth\"><\/div><style>#thegem-divider-69e4b382e032b {margin-top: 17px !important;}<\/style><div id=\"thegem-divider-69e4b382e032b\" class=\"gem-divider  \" style=\"\" ><\/div><div class=\"centered-box\"><div class=\"gem-icon gem-icon-pack-material gem-icon-size-medium  gem-icon-shape-circle\"  style=\"border-color: #f0f0f4;opacity: 1;\"><div class=\"gem-icon-inner\" style=\"background-color: #f0f0f4;\"><span class=\"gem-icon-half-1\" style=\"color: #dd1b3c;\"><span class=\"back-angle\">&#xf2af;<\/span><\/span><span class=\"gem-icon-half-2\" style=\"color: #dd1b3c;\"><span class=\"back-angle\">&#xf2af;<\/span><\/span><\/div><\/div><\/div><div class=\"clearboth\"><\/div><style>#thegem-divider-69e4b382e0339 {margin-top: 45px !important;}<\/style><div id=\"thegem-divider-69e4b382e0339\" class=\"gem-divider  \" style=\"\" ><\/div>[vc_column_text]<\/p>\n<div class=\"title-h5\" style=\"text-align: center;\">correo electr\u00f3nico<\/div>\n<p>[\/vc_column_text][vc_separator color=\u00bbjuicy_pink\u00bb el_width=\u00bb20&#8243; css=\u00bb.vc_custom_1545453691943{margin-top: 22px !important;margin-bottom: 20px !important;}\u00bb][vc_column_text]<\/p>\n<p style=\"text-align: center;\">info@mitallersa.com<\/p>\n<p>[\/vc_column_text]<div class=\"clearboth\"><\/div><style>#thegem-divider-69e4b382e033e {margin-top: 73px !important;}<\/style><div id=\"thegem-divider-69e4b382e033e\" class=\"gem-divider  \" style=\"\" ><\/div><\/div><\/div><\/div><\/div>[\/vc_column_inner][vc_column_inner width=\u00bb1\/4&#8243;]<div class=\"lazy-loading\" data-ll-item-delay=\"0\"><div class=\"gem-textbox  lazy-loading-item\"  data-ll-effect=\"move-up\" ><div class=\"gem-textbox-inner\" style=\"border: 1px solid #dfe5e8;\"><div class=\"gem-textbox-content\" style=\"background-color: #ffffff;background-position: center top;\"><div class=\"clearboth\"><\/div><style>#thegem-divider-69e4b382e0359 {margin-top: 17px !important;}<\/style><div id=\"thegem-divider-69e4b382e0359\" class=\"gem-divider  \" style=\"\" ><\/div><div class=\"centered-box\"><div class=\"gem-icon gem-icon-pack-material gem-icon-size-medium  gem-icon-shape-circle\"  style=\"border-color: #f0f0f4;opacity: 1;\"><div class=\"gem-icon-inner\" style=\"background-color: #f0f0f4;\"><span class=\"gem-icon-half-1\" style=\"color: #dd1b3c;\"><span class=\"back-angle\">&#xf221;<\/span><\/span><span class=\"gem-icon-half-2\" style=\"color: #dd1b3c;\"><span class=\"back-angle\">&#xf221;<\/span><\/span><\/div><\/div><\/div><div class=\"clearboth\"><\/div><style>#thegem-divider-69e4b382e0367 {margin-top: 45px !important;}<\/style><div id=\"thegem-divider-69e4b382e0367\" class=\"gem-divider  \" style=\"\" ><\/div>[vc_column_text]<\/p>\n<div class=\"title-h5\" style=\"text-align: center;\">horario<\/div>\n<p>[\/vc_column_text][vc_separator color=\u00bbjuicy_pink\u00bb el_width=\u00bb20&#8243; css=\u00bb.vc_custom_1545453691943{margin-top: 22px !important;margin-bottom: 20px !important;}\u00bb][vc_column_text css=\u00bb\u00bb]<\/p>\n<p style=\"text-align: center;\">\ud83d\udcc5 Todo el a\u00f1o<br data-start=\"159\" data-end=\"162\" \/>\ud83d\uddd3\ufe0f De lunes a viernes<br data-start=\"188\" data-end=\"191\" \/>\u23f0 8:00 a 18:00 h (jornada ininterrumpida)<br data-start=\"236\" data-end=\"239\" data-is-only-node=\"\" \/>\ud83d\udeab S\u00e1bados y domingos: cerrado<\/p>\n<p>[\/vc_column_text]<\/div><\/div><\/div><\/div>[\/vc_column_inner][\/vc_row_inner]<div class=\"clearboth\"><\/div><style>#thegem-divider-69e4b382e036f {margin-top: 20px !important;}<\/style><div id=\"thegem-divider-69e4b382e036f\" class=\"gem-divider  \" style=\"\" ><\/div>[vc_gmaps link=\u00bb#E-8_JTNDaWZyYW1lJTIwc3JjJTNEJTIyaHR0cHMlM0ElMkYlMkZ3d3cuZ29vZ2xlLmNvbSUyRm1hcHMlMkZlbWJlZCUzRnBiJTNEJTIxMW0xOCUyMTFtMTIlMjExbTMlMjExZDEyNjkzLjYxNTA4ODU2NDA1MyUyMTJkLTYuODc3MDg0MDgwMzI3NTAyJTIxM2QzNy4zMDkyNjIzMTEzNDMxMjYlMjEybTMlMjExZjAlMjEyZjAlMjEzZjAlMjEzbTIlMjExaTEwMjQlMjEyaTc2OCUyMTRmMTMuMSUyMTNtMyUyMTFtMiUyMTFzMHhkMTFkYTU5ZjZlNmViOTUlMjUzQTB4Mzg4MzQ0MjJjOGVjOTliNCUyMTJzTWklMjUyMFRhbGxlciUyNTJDJTI1MjBTLkEuJTIxNWUwJTIxM20yJTIxMXNlcy00MTklMjEyc2VzJTIxNHYxNjM4MzU3MTU3NTA3JTIxNW0yJTIxMXNlcy00MTklMjEyc2VzJTIyJTIwd2lkdGglM0QlMjI2MDAlMjIlMjBoZWlnaHQlM0QlMjI0NTAlMjIlMjBzdHlsZSUzRCUyMmJvcmRlciUzQTAlM0IlMjIlMjBhbGxvd2Z1bGxzY3JlZW4lM0QlMjIlMjIlMjBsb2FkaW5nJTNEJTIybGF6eSUyMiUzRSUzQyUyRmlmcmFtZSUzRQ==\u00bb]<div class=\"clearboth\"><\/div><style>#thegem-divider-69e4b382e0375 {margin-top: 40px !important;}<\/style><div id=\"thegem-divider-69e4b382e0375\" class=\"gem-divider  divider-hidden\" style=\"\" ><\/div>[\/vc_column][\/vc_row][vc_row full_width=\u00bbstretch_row\u00bb css=\u00bb.vc_custom_1638523610797{background-image: url(https:\/\/www.mitallersa.com\/wp-content\/uploads\/2018\/12\/10_mini.jpg?id=179) !important;}\u00bb][vc_column]<div class=\"clearboth\"><\/div><style>#thegem-divider-69e4b382e037a {margin-top: 70px !important;}<\/style><div id=\"thegem-divider-69e4b382e037a\" class=\"gem-divider  divider-hidden\" style=\"\" ><\/div>[vc_column_text css=\u00bb.vc_custom_1638363902894{margin-bottom: 0px !important;padding-top: 40px !important;}\u00bb]<\/p>\n<div class=\"title-h4\" style=\"text-align: center;\"><span style=\"color: #ffffff;\">rellena nuestro formulario de contacto y<\/span><\/div>\n<p>[\/vc_column_text][vc_column_text css=\u00bb.vc_custom_1638363839566{padding-bottom: 70px !important;}\u00bb]<\/p>\n<div class=\"title-h1\" style=\"text-align: center;\"><span class=\"misspelling correction\" style=\"color: #ffffff;\" title=\"Se ha encontrado un posible error ortogr\u00e1fico.\" data-word=\"Escribenos\" data-rule=\"MORFOLOGIK_RULE_ES\" data-suggestions=\"[{&quot;value&quot;:&quot;Escr\u00edbenos&quot;},{&quot;value&quot;:&quot;Escribanos&quot;},{&quot;value&quot;:&quot;Descr\u00edbenos&quot;},{&quot;value&quot;:&quot;Escribinos&quot;},{&quot;value&quot;:&quot;Escr\u00edbanos&quot;},{&quot;value&quot;:&quot;Escr\u00edbelos&quot;},{&quot;value&quot;:&quot;Estr\u00edbenos&quot;}]\" data-type=\"misspelling\">Escr\u00edbenos<\/span><\/div>\n<p>[\/vc_column_text]<div class=\"clearboth\"><\/div><style>#thegem-divider-69e4b382e037e {margin-top: 30px !important;}<\/style><div id=\"thegem-divider-69e4b382e037e\" class=\"gem-divider  divider-hidden\" style=\"\" ><\/div>\n<div class=\"wpcf7 no-js\" id=\"wpcf7-f397-o1\" lang=\"en-US\" dir=\"ltr\" data-wpcf7-id=\"397\">\n<div class=\"screen-reader-response\"><p role=\"status\" aria-live=\"polite\" aria-atomic=\"true\"><\/p> <ul><\/ul><\/div>\n<form action=\"\/index.php?rest_route=%2Fwp%2Fv2%2Fpages%2F1856#wpcf7-f397-o1\" method=\"post\" class=\"wpcf7-form init gem-contact-form-dark\" aria-label=\"Contact form\" novalidate=\"novalidate\" data-status=\"init\">\n<fieldset class=\"hidden-fields-container\"><input type=\"hidden\" name=\"_wpcf7\" value=\"397\" \/><input type=\"hidden\" name=\"_wpcf7_version\" value=\"6.1.5\" \/><input type=\"hidden\" name=\"_wpcf7_locale\" value=\"en_US\" \/><input type=\"hidden\" name=\"_wpcf7_unit_tag\" value=\"wpcf7-f397-o1\" \/><input type=\"hidden\" name=\"_wpcf7_container_post\" value=\"0\" \/><input type=\"hidden\" name=\"_wpcf7_posted_data_hash\" value=\"\" \/>\n<\/fieldset>\n<div class=\"row\">\n\n<div  class=\"col-md-4\"><p class=\"gem-form-icon-name\"><span class=\"wpcf7-form-control-wrap\" data-name=\"Nombre\"><input size=\"40\" maxlength=\"400\" class=\"wpcf7-form-control wpcf7-text wpcf7-validates-as-required\" aria-required=\"true\" aria-invalid=\"false\" placeholder=\"Nombre*\" value=\"\" type=\"text\" name=\"Nombre\" \/><\/span><\/p><\/div>\n\n<div  class=\"col-md-4\"><p class=\"gem-form-icon-email\"><span class=\"wpcf7-form-control-wrap\" data-name=\"email\"><input size=\"40\" maxlength=\"400\" class=\"wpcf7-form-control wpcf7-email wpcf7-validates-as-required wpcf7-text wpcf7-validates-as-email\" aria-required=\"true\" aria-invalid=\"false\" placeholder=\"Email*\" value=\"\" type=\"email\" name=\"email\" \/><\/span> <\/p><\/div>\n\n<div  class=\"col-md-4\"><p class=\"form-line gem-form-icon-phone\"><span class=\"wpcf7-form-control-wrap\" data-name=\"telefono\"><input size=\"40\" maxlength=\"400\" class=\"wpcf7-form-control wpcf7-tel wpcf7-validates-as-required wpcf7-text wpcf7-validates-as-tel\" aria-required=\"true\" aria-invalid=\"false\" placeholder=\"Tel\u00e9fono\" value=\"\" type=\"tel\" name=\"telefono\" \/><\/span> <\/p><\/div>\n\n\n\n<div  class=\"col-md-12\"><span class=\"wpcf7-form-control-wrap\" data-name=\"Messege\"><textarea cols=\"40\" rows=\"7\" maxlength=\"2000\" class=\"wpcf7-form-control wpcf7-textarea wpcf7-validates-as-required\" aria-required=\"true\" aria-invalid=\"false\" placeholder=\"Mensaje*\" name=\"Messege\"><\/textarea><\/span><\/div>\n\n<div  class=\"col-md-12\"><style type=\"text\/css\">.thegem-button-69e4b382e0dd05885 .gem-button svg {fill: #ffffff;}.thegem-button-69e4b382e0dd05885 .gem-button:hover svg {fill: #044885FF;}<\/style><div class=\"gem-button-container gem-button-position-fullwidth thegem-button-69e4b382e0dd05885\"  ><input class=\"gem-button gem-button-size-medium gem-button-style-flat gem-button-text-weight-normal wpcf7-form-control wpcf7-submit has-spinner gem-button-wpcf-custom\" data-ll-effect=\"drop-right-without-wrap\" style=\"border-radius: 3px;background-color: #00529CFF;color: #ffffff;\" onmouseleave=\"this.style.backgroundColor='#00529CFF';this.style.color='#ffffff';\" onmouseenter=\"this.style.backgroundColor='#ffffff';this.style.color='#044885FF';\" id=\"\" tabindex=\"\" type=\"submit\" value=\"Enviar mensaje\" \/><\/div> <\/div>\n\n<\/div><div class=\"wpcf7-response-output\" aria-hidden=\"true\"><\/div>\n<\/form>\n<\/div>\n<div class=\"clearboth\"><\/div><style>#thegem-divider-69e4b382e1313 {margin-top: 70px !important;}<\/style><div id=\"thegem-divider-69e4b382e1313\" class=\"gem-divider  divider-hidden\" style=\"\" ><\/div>[\/vc_column][\/vc_row]<\/p>\n<\/div>","protected":false},"excerpt":{"rendered":"<p>[vc_row full_width=\u00bbstretch_row_content\u00bb css=\u00bb.vc_custom_1638523845119{margin-top: px !important;margin-bottom: 0px !important;border-top-width: px !important;background-image: url(https:\/\/www.mitallersa.com\/wp-content\/uploads\/2018\/12\/2-4.jpg?id=738) !important;}\u00bb][vc_column&#8230;<\/p>\n","protected":false},"author":1,"featured_media":0,"parent":0,"menu_order":0,"comment_status":"closed","ping_status":"closed","template":"","meta":{"footnotes":""},"class_list":["post-1856","page","type-page","status-publish"],"_links":{"self":[{"href":"https:\/\/mitallersa.com\/index.php?rest_route=\/wp\/v2\/pages\/1856","targetHints":{"allow":["GET"]}}],"collection":[{"href":"https:\/\/mitallersa.com\/index.php?rest_route=\/wp\/v2\/pages"}],"about":[{"href":"https:\/\/mitallersa.com\/index.php?rest_route=\/wp\/v2\/types\/page"}],"author":[{"embeddable":true,"href":"https:\/\/mitallersa.com\/index.php?rest_route=\/wp\/v2\/users\/1"}],"replies":[{"embeddable":true,"href":"https:\/\/mitallersa.com\/index.php?rest_route=%2Fwp%2Fv2%2Fcomments&post=1856"}],"version-history":[{"count":16,"href":"https:\/\/mitallersa.com\/index.php?rest_route=\/wp\/v2\/pages\/1856\/revisions"}],"predecessor-version":[{"id":3791,"href":"https:\/\/mitallersa.com\/index.php?rest_route=\/wp\/v2\/pages\/1856\/revisions\/3791"}],"wp:attachment":[{"href":"https:\/\/mitallersa.com\/index.php?rest_route=%2Fwp%2Fv2%2Fmedia&parent=1856"}],"curies":[{"name":"wp","href":"https:\/\/api.w.org\/{rel}","templated":true}]}}